{"id":131,"date":"2015-04-03T14:52:24","date_gmt":"2015-04-03T12:52:24","guid":{"rendered":"http:\/\/privatecityhotels.at\/cms\/?page_id=131"},"modified":"2016-08-10T11:40:57","modified_gmt":"2016-08-10T09:40:57","slug":"hotels-in","status":"publish","type":"page","link":"https:\/\/privatecityhotels.com\/en\/hotels-in\/","title":{"rendered":"Your hotel in"},"content":{"rendered":"<p><strong><span style=\"color: #ffcf10;\">Wir pr\u00e4sentieren:<\/span><\/strong><\/p>\n<h2>Ihre Wirsindindensch\u00f6nstenst\u00e4dtenzuhausehotels<\/h2>\n","protected":false},"excerpt":{"rendered":"<p>Wir pr\u00e4sentieren: Ihre Wirsindindensch\u00f6nstenst\u00e4dtenzuhausehotels<\/p>\n","protected":false},"author":1,"featured_media":288,"parent":0,"menu_order":1,"comment_status":"closed","ping_status":"closed","template":"page-all-cities.php","meta":{"_acf_changed":false,"footnotes":""},"class_list":["post-131","page","type-page","status-publish","has-post-thumbnail","hentry"],"acf":[],"yoast_head":"<!-- This site is optimized with the Yoast SEO plugin v25.3 - https:\/\/yoast.com\/wordpress\/plugins\/seo\/ -->\n<title>Your hotel in - PrivateCityHotels.<\/title>\n<meta name=\"description\" content=\"Find your perfect, privately run hotel in one of the cities in Germany, Austria and Switzerland. Spend a relaxed holiday at the PrivateCityHotels.\" \/>\n<meta name=\"robots\" content=\"index, follow, max-snippet:-1, max-image-preview:large, max-video-preview:-1\" \/>\n<link rel=\"canonical\" href=\"https:\/\/privatecityhotels.com\/en\/hotels-in\/\" \/>\n<meta property=\"og:locale\" content=\"en_GB\" \/>\n<meta property=\"og:type\" content=\"article\" \/>\n<meta property=\"og:title\" content=\"Your hotel in - PrivateCityHotels.\" \/>\n<meta property=\"og:description\" content=\"Find your perfect, privately run hotel in one of the cities in Germany, Austria and Switzerland. Spend a relaxed holiday at the PrivateCityHotels.\" \/>\n<meta property=\"og:url\" content=\"https:\/\/privatecityhotels.com\/en\/hotels-in\/\" \/>\n<meta property=\"og:site_name\" content=\"PrivateCityHotels.\" \/>\n<meta property=\"article:modified_time\" content=\"2016-08-10T09:40:57+00:00\" \/>\n<meta property=\"og:image\" content=\"https:\/\/privatecityhotels.com\/en\/wp-content\/uploads\/sites\/3\/pch-dummy_dark_02.jpg\" \/>\n\t<meta property=\"og:image:width\" content=\"1920\" \/>\n\t<meta property=\"og:image:height\" content=\"1200\" \/>\n\t<meta property=\"og:image:type\" content=\"image\/jpeg\" \/>\n<script type=\"application\/ld+json\" class=\"yoast-schema-graph\">{\"@context\":\"https:\/\/schema.org\",\"@graph\":[{\"@type\":\"WebPage\",\"@id\":\"https:\/\/privatecityhotels.com\/en\/hotels-in\/\",\"url\":\"https:\/\/privatecityhotels.com\/en\/hotels-in\/\",\"name\":\"Your hotel in - PrivateCityHotels.\",\"isPartOf\":{\"@id\":\"https:\/\/privatecityhotels.com\/en\/#website\"},\"primaryImageOfPage\":{\"@id\":\"https:\/\/privatecityhotels.com\/en\/hotels-in\/#primaryimage\"},\"image\":{\"@id\":\"https:\/\/privatecityhotels.com\/en\/hotels-in\/#primaryimage\"},\"thumbnailUrl\":\"https:\/\/privatecityhotels.com\/en\/wp-content\/uploads\/sites\/3\/pch-dummy_dark_02.jpg\",\"datePublished\":\"2015-04-03T12:52:24+00:00\",\"dateModified\":\"2016-08-10T09:40:57+00:00\",\"description\":\"Find your perfect, privately run hotel in one of the cities in Germany, Austria and Switzerland. Spend a relaxed holiday at the PrivateCityHotels.\",\"breadcrumb\":{\"@id\":\"https:\/\/privatecityhotels.com\/en\/hotels-in\/#breadcrumb\"},\"inLanguage\":\"en-GB\",\"potentialAction\":[{\"@type\":\"ReadAction\",\"target\":[\"https:\/\/privatecityhotels.com\/en\/hotels-in\/\"]}]},{\"@type\":\"ImageObject\",\"inLanguage\":\"en-GB\",\"@id\":\"https:\/\/privatecityhotels.com\/en\/hotels-in\/#primaryimage\",\"url\":\"https:\/\/privatecityhotels.com\/en\/wp-content\/uploads\/sites\/3\/pch-dummy_dark_02.jpg\",\"contentUrl\":\"https:\/\/privatecityhotels.com\/en\/wp-content\/uploads\/sites\/3\/pch-dummy_dark_02.jpg\",\"width\":1920,\"height\":1200},{\"@type\":\"BreadcrumbList\",\"@id\":\"https:\/\/privatecityhotels.com\/en\/hotels-in\/#breadcrumb\",\"itemListElement\":[{\"@type\":\"ListItem\",\"position\":1,\"name\":\"Home\",\"item\":\"https:\/\/privatecityhotels.com\/en\/\"},{\"@type\":\"ListItem\",\"position\":2,\"name\":\"Your hotel in\"}]},{\"@type\":\"WebSite\",\"@id\":\"https:\/\/privatecityhotels.com\/en\/#website\",\"url\":\"https:\/\/privatecityhotels.com\/en\/\",\"name\":\"PrivateCityHotels.\",\"description\":\"Personal. Individual. Friendly.\",\"potentialAction\":[{\"@type\":\"SearchAction\",\"target\":{\"@type\":\"EntryPoint\",\"urlTemplate\":\"https:\/\/privatecityhotels.com\/en\/?s={search_term_string}\"},\"query-input\":{\"@type\":\"PropertyValueSpecification\",\"valueRequired\":true,\"valueName\":\"search_term_string\"}}],\"inLanguage\":\"en-GB\"}]}<\/script>\n<!-- \/ Yoast SEO plugin. -->","yoast_head_json":{"title":"Your hotel in - PrivateCityHotels.","description":"Find your perfect, privately run hotel in one of the cities in Germany, Austria and Switzerland. Spend a relaxed holiday at the PrivateCityHotels.","robots":{"index":"index","follow":"follow","max-snippet":"max-snippet:-1","max-image-preview":"max-image-preview:large","max-video-preview":"max-video-preview:-1"},"canonical":"https:\/\/privatecityhotels.com\/en\/hotels-in\/","og_locale":"en_GB","og_type":"article","og_title":"Your hotel in - PrivateCityHotels.","og_description":"Find your perfect, privately run hotel in one of the cities in Germany, Austria and Switzerland. Spend a relaxed holiday at the PrivateCityHotels.","og_url":"https:\/\/privatecityhotels.com\/en\/hotels-in\/","og_site_name":"PrivateCityHotels.","article_modified_time":"2016-08-10T09:40:57+00:00","og_image":[{"width":1920,"height":1200,"url":"https:\/\/privatecityhotels.com\/en\/wp-content\/uploads\/sites\/3\/pch-dummy_dark_02.jpg","type":"image\/jpeg"}],"schema":{"@context":"https:\/\/schema.org","@graph":[{"@type":"WebPage","@id":"https:\/\/privatecityhotels.com\/en\/hotels-in\/","url":"https:\/\/privatecityhotels.com\/en\/hotels-in\/","name":"Your hotel in - PrivateCityHotels.","isPartOf":{"@id":"https:\/\/privatecityhotels.com\/en\/#website"},"primaryImageOfPage":{"@id":"https:\/\/privatecityhotels.com\/en\/hotels-in\/#primaryimage"},"image":{"@id":"https:\/\/privatecityhotels.com\/en\/hotels-in\/#primaryimage"},"thumbnailUrl":"https:\/\/privatecityhotels.com\/en\/wp-content\/uploads\/sites\/3\/pch-dummy_dark_02.jpg","datePublished":"2015-04-03T12:52:24+00:00","dateModified":"2016-08-10T09:40:57+00:00","description":"Find your perfect, privately run hotel in one of the cities in Germany, Austria and Switzerland. Spend a relaxed holiday at the PrivateCityHotels.","breadcrumb":{"@id":"https:\/\/privatecityhotels.com\/en\/hotels-in\/#breadcrumb"},"inLanguage":"en-GB","potentialAction":[{"@type":"ReadAction","target":["https:\/\/privatecityhotels.com\/en\/hotels-in\/"]}]},{"@type":"ImageObject","inLanguage":"en-GB","@id":"https:\/\/privatecityhotels.com\/en\/hotels-in\/#primaryimage","url":"https:\/\/privatecityhotels.com\/en\/wp-content\/uploads\/sites\/3\/pch-dummy_dark_02.jpg","contentUrl":"https:\/\/privatecityhotels.com\/en\/wp-content\/uploads\/sites\/3\/pch-dummy_dark_02.jpg","width":1920,"height":1200},{"@type":"BreadcrumbList","@id":"https:\/\/privatecityhotels.com\/en\/hotels-in\/#breadcrumb","itemListElement":[{"@type":"ListItem","position":1,"name":"Home","item":"https:\/\/privatecityhotels.com\/en\/"},{"@type":"ListItem","position":2,"name":"Your hotel in"}]},{"@type":"WebSite","@id":"https:\/\/privatecityhotels.com\/en\/#website","url":"https:\/\/privatecityhotels.com\/en\/","name":"PrivateCityHotels.","description":"Personal. Individual. Friendly.","potentialAction":[{"@type":"SearchAction","target":{"@type":"EntryPoint","urlTemplate":"https:\/\/privatecityhotels.com\/en\/?s={search_term_string}"},"query-input":{"@type":"PropertyValueSpecification","valueRequired":true,"valueName":"search_term_string"}}],"inLanguage":"en-GB"}]}},"_links":{"self":[{"href":"https:\/\/privatecityhotels.com\/en\/wp-json\/wp\/v2\/pages\/131","targetHints":{"allow":["GET"]}}],"collection":[{"href":"https:\/\/privatecityhotels.com\/en\/wp-json\/wp\/v2\/pages"}],"about":[{"href":"https:\/\/privatecityhotels.com\/en\/wp-json\/wp\/v2\/types\/page"}],"author":[{"embeddable":true,"href":"https:\/\/privatecityhotels.com\/en\/wp-json\/wp\/v2\/users\/1"}],"replies":[{"embeddable":true,"href":"https:\/\/privatecityhotels.com\/en\/wp-json\/wp\/v2\/comments?post=131"}],"version-history":[{"count":4,"href":"https:\/\/privatecityhotels.com\/en\/wp-json\/wp\/v2\/pages\/131\/revisions"}],"predecessor-version":[{"id":3510,"href":"https:\/\/privatecityhotels.com\/en\/wp-json\/wp\/v2\/pages\/131\/revisions\/3510"}],"wp:featuredmedia":[{"embeddable":true,"href":"https:\/\/privatecityhotels.com\/en\/wp-json\/wp\/v2\/media\/288"}],"wp:attachment":[{"href":"https:\/\/privatecityhotels.com\/en\/wp-json\/wp\/v2\/media?parent=131"}],"curies":[{"name":"wp","href":"https:\/\/api.w.org\/{rel}","templated":true}]}}